{"id":28588,"date":"2017-01-09T00:10:33","date_gmt":"2017-01-08T22:10:33","guid":{"rendered":"http:\/\/grcycling.com\/why-us\/"},"modified":"2017-01-09T00:10:33","modified_gmt":"2017-01-08T22:10:33","slug":"about-us","status":"publish","type":"page","link":"https:\/\/www.grcycling.com\/de\/about-us\/","title":{"rendered":"\u00dcber uns"},"content":{"rendered":"<p>[et_pb_section admin_label = &quot;Section&quot; transparent_background = &quot;off&quot; allow_player_pause = &quot;off&quot; inner_shadow = &quot;off&quot; parallax = &quot;off&quot; parallax_method = &quot;on&quot; padding_mobile = &quot;off&quot; make_fullwidth = &quot;off&quot; use_custom_width = &quot;off&quot; width_unit = &quot; off &quot;custom_width_px =&quot; 1080px &quot;custom_width_percent =&quot; 80% &quot;make_equal =&quot; off &quot;use_custom_gutter =&quot; off &quot;fullwidth =&quot; ein &quot;speciality =&quot; off &quot;disabled =&quot; off &quot;] [et_pb_fullwidth_header admin_label =&quot; Fullwidth Header &quot;title =&quot; \u00dcber uns &quot;subhead =&quot; Radfahren ist unsere Leidenschaft, Gastfreundschaft ist unsere Kultur. &quot;Background_layout =&quot; light &quot;text_orientation =&quot; center &quot;header_fullscreen =&quot; on &quot;header_scroll_down =&quot; on &quot;scroll_down_icon =&quot; %% 1 %% &quot;background_url =&quot; https : \/\/www.grcycling.com\/wp-content\/uploads\/2017\/01\/MPP9718.jpg &quot;parallax =&quot; off &quot;parallax_method =&quot; off &quot;content_orientation =&quot; center &quot;image_orientation =&quot; bottom &quot;title_font_size =&quot; 40px &quot;subhead_text_color = \u201d#Ffffff\u201d custom_button_one = off &quot;button_one_letter_spacing =&quot; 0 &quot;button_one_use_icon =&quot; default &quot;button_one_icon_placement =&quot; right &quot;button_one_on_hover =&quot; on &quot;button_one_letter_spacing_hack_ch_hack =&quot; 0 &quot;custom_button_two =&quot; off &quot;button_two_letter_spacing =&quot; 0 \u2033 button_two_letter_space = &quot;0&quot;. on \u201dbutton_two_letter_spacing_hover =\u201d 0 \u201dcustom_css_main_element =\u201d Hintergrundposition: Mitte unten; \u201ddisabled =\u201d off \u201d] [\/ et_pb_fullwidth_header] [\/ et_pb_section admin_label =\u201d section \u201d allow_player_pause = &quot;off&quot; inner_shadow = &quot;off&quot; parallax = &quot;off&quot; parallax_method = &quot;on&quot; padding_mobile = &quot;off&quot; make_fullwidth = &quot;off&quot; use_custom_width = &quot;off&quot; width_unit = &quot;off&quot; width_unit_px = &quot;80%&quot; &quot;Make_equal =&quot; off &quot;use_custom_gutter =&quot; off &quot;fullwidth =&quot; off &quot;speciality =&quot; off &quot;disabled =&quot; off &quot;] [et_pb_row admin_lab el = &quot;Row&quot; make_fullwidth = &quot;off&quot; use_custom_width = &quot;off&quot; width_unit = &quot;off&quot; custom_width_px = &quot;1080px&quot; custom_width_percent = &quot;80%&quot; use_custom_gutter = &quot;off&quot; gutter_width = &quot;3&quot; custom_padding = &quot;27px | 0px | 43px | 0px &quot;padding_mobile =&quot; aus &quot;allow_player_pause =&quot; aus &quot;parallax =&quot; aus &quot;parallax_method =&quot; ein &quot;make_equal =&quot; aus &quot;column_padding_mobile =&quot; ein &quot;parallax_1 =&quot; aus &quot;parallax_method_1 =&quot; ein &quot;parallax_method&quot; ein \u201dparallax_3 =\u201d aus \u201dparallax_method_3 =\u201d ein \u201dparallax_4 =\u201d aus \u201dparallax_method_4 =\u201d ein \u201ddeaktiviert =\u201d aus \u201d] [et_pb_column type =\u201d 4_4 \u2033] [et_pb_text admin_label = \u201dtext\u201d background_layout = \u201ddark\u201d text_orientation = &quot;Center&quot; use_border_color = &quot;off&quot; border_style = &quot;solid&quot; disabled = &quot;off&quot; border_color = &quot;# ffffff&quot;]<\/p>\n<h1>Die Kombination f\u00fchrt zu einem erstaunlichen Raderlebnis.<\/h1>\n<p>[\/et_pb_text][\/et_pb_column][\/et_pb_row][et_pb_row admin_label=&#8221;row&#8221; make_fullwidth=&#8221;off&#8221; use_custom_width=&#8221;off&#8221; width_unit=&#8221;off&#8221; custom_width_px=&#8221;1080px&#8221; custom_width_percent=&#8221;80%&#8221; use_custom_gutter=&#8221;off&#8221; gutter_width=&#8221;3&#8243; custom_padding=&#8221;27px|0px|57px|0px&#8221; padding_mobile=&#8221;off&#8221; allow_player_pause=&#8221;off&#8221; parallax=&#8221;off&#8221; parallax_method=&#8221;on&#8221; make_equal=&#8221;off&#8221; column_padding_mobile=&#8221;on&#8221; parallax_1=&#8221;off&#8221; parallax_method_1=&#8221;on&#8221; parallax_2=&#8221;off&#8221; parallax_method_2=&#8221;on&#8221; parallax_3=&#8221;off&#8221; parallax_method_3=&#8221;on&#8221; parallax_4=&#8221;off&#8221; parallax_method_4=&#8221;on&#8221; disabled=&#8221;off&#8221;][et_pb_column type=&#8221;1_2&#8243;][et_pb_blurb admin_label=&#8221;Blurb&#8221; url_new_window=&#8221;off&#8221; use_icon=&#8221;off&#8221; icon_color=&#8221;#ffb330&#8243; use_circle=&#8221;off&#8221; circle_color=&#8221;#ffb330&#8243; use_circle_border=&#8221;off&#8221; circle_border_color=&#8221;#ffb330&#8243; image=&#8221;http:\/\/www.grcycling.com\/wp-content\/uploads\/2016\/11\/greek-column.png&#8221; icon_placement=&#8221;left&#8221; animation=&#8221;bottom&#8221; background_layout=&#8221;dark&#8221; text_orientation=&#8221;left&#8221; use_icon_font_size=&#8221;off&#8221; use_border_color=&#8221;off&#8221; border_color=&#8221;#ffffff&#8221; border_style=&#8221;solid&#8221; disabled=&#8221;off&#8221;]<\/p>\n<p>Wir sind dort aufgewachsen, wo Gastfreundschaft geboren wurde. Wir wissen genau, was es hei\u00dft, jeden Besucher herzlich willkommen zu hei\u00dfen. Unser Ziel ist es, den Weg zu einer wertvollen Erfahrung zu bringen, bei der Sie die Sch\u00f6nheit Griechenlands entdecken, aber auch sein einzigartiges Terrain nutzen k\u00f6nnen, um das absolute Radabenteuer zu erleben. Sport mit Urlaub zu kombinieren k\u00f6nnte nie einfacher sein als in Griechenland. Wenn Sie also nach einer echten Erfahrung suchen, k\u00f6nnen wir Ihnen helfen.<\/p>\n<p>[\/et_pb_blurb][\/et_pb_column][et_pb_column type=&#8221;1_2&#8243;][et_pb_blurb admin_label=&#8221;Blurb&#8221; url_new_window=&#8221;off&#8221; use_icon=&#8221;off&#8221; icon_color=&#8221;#ffb330&#8243; use_circle=&#8221;off&#8221; circle_color=&#8221;#ffb330&#8243; use_circle_border=&#8221;off&#8221; circle_border_color=&#8221;#ffb330&#8243; image=&#8221;http:\/\/www.grcycling.com\/wp-content\/uploads\/2016\/11\/sun.png&#8221; icon_placement=&#8221;left&#8221; animation=&#8221;bottom&#8221; background_layout=&#8221;dark&#8221; text_orientation=&#8221;left&#8221; use_icon_font_size=&#8221;off&#8221; use_border_color=&#8221;off&#8221; border_color=&#8221;#ffffff&#8221; border_style=&#8221;solid&#8221; disabled=&#8221;off&#8221;]<\/p>\n<p>Wenn Sie an unseren Radferien teilnehmen, bieten wir Ihnen nicht nur Wellness und pers\u00f6nliche Erf\u00fcllung. Sie haben die M\u00f6glichkeit, die Sch\u00f6nheit Griechenlands zu entdecken, und Sie werden von der spektakul\u00e4ren Landschaft und Landschaft eines Landes, das das Meer, die Berge und ein einzigartiges Kulturerbe vereint, v\u00f6llig verf\u00fchrt.<\/p>\n<p>[\/ et_pb_blurb] [\/ et_pb_column] [\/ et_pb_row] [et_pb_row admin_label = &quot;Zeile&quot; make_fullwidth = &quot;on&quot; use_custom_width = &quot;off&quot; width_unit = &quot;off&quot; width_width_px = &quot;1080px&quot; gutter_width = &quot;2&quot; padding_mobile = &quot;aus&quot; allow_player_pause = &quot;aus&quot; parallax = &quot;aus&quot; parallax_method = &quot;aus&quot; make_equal = &quot;aus&quot; column_padding_mobile = &quot;ein&quot; parallax_method_1 = &quot;aus&quot; parallax_2 = &quot;aus&quot; parallax_method_2 = &quot;off&quot; parallax_3 = &quot;off&quot; parallax_method_3 = &quot;off&quot; parallax_4 = &quot;off&quot; parallax_method_4 = &quot;on&quot; disabled = &quot;off&quot;] [et_pb_column type = &quot;1_3 \u2033] [et_pb_accordion admin_label =&quot; a) 0c0c0r0c0r_o_doggle_text_color = &quot;# f7f7f7&quot; closed_toggle_background_color = &quot;# 0c0c0c&quot; closed_toggle_text_color = &quot;# f7f7f7&quot; icon_color = &quot;# 595959&quot; use_border_color = &quot;on&quot; border_color = &quot;#&quot;. aus ] [Et_pb_accordion_item title = open =\u201con\u201c use_border_color =\u201coff\u201c border_color =\u201c# ffffff\u201c border_width =\u201c1px\u201c border_style =\u201csolid\u201c disabled =\u201coff\u201c\u201cGuides Erfahrene\u201c]<\/p>\n<p>Unsere Guides sind ein Team leidenschaftlicher Fahrer, die Sie auf den Stra\u00dfen durch die sch\u00f6nsten Orte Griechenlands bringen. Ihre Erfahrung und ihr Fachwissen bieten Ihnen einen erfahrenen Fahrer sowohl f\u00fcr das Radfahren als auch f\u00fcr sein historisches Wissen. Unsere gef\u00fchrten Touren beinhalten eine Reihe von Aktivit\u00e4ten, einschlie\u00dflich Besichtigungen und Besichtigungen, damit Sie die Sch\u00e4tze Griechenlands kennenlernen und die Tradition f\u00fchlen k\u00f6nnen.<\/p>\n<p>[\/ et_pb_accordion_item] [et_pb_accordion_item title = &quot;Premium Bikes&quot; open = &quot;off&quot; use_border_color = &quot;off&quot; border_color = &quot;# ffffff&quot; border_width = &quot;1px&quot; border_style = &quot;solid&quot; disabled = &quot;off&quot;] um unsere Fahrt zu genie\u00dfen. Deshalb w\u00e4hlen wir immer Fahrr\u00e4der aus hochwertigen Materialien, hochwertigen Rahmen und technologisch fortschrittlichen Komponenten. Und wir m\u00f6chten dies mit Ihnen teilen, da wir das Gef\u00fchl, das ein Premium-Bike bietet, niemals kompromittieren w\u00fcrden. Bei den meisten Touren haben Sie die M\u00f6glichkeit, eines unserer Fahrr\u00e4der zu verwenden, die sorgf\u00e4ltig ausgew\u00e4hlt wurden, um unseren hohen Anforderungen zu entsprechen. [\/ et_pb_accordion_item] [et_pb_accordion_item title = &quot;Wir sch\u00e4tzen Ihre Zeit!&quot; open = &quot;off&quot; use_border_color = &quot;off&quot; border_color = &quot;# ffffff&quot; border_width = &quot;1px&quot; border_style = &quot;solid&quot; disabled = &quot;off&quot;]<\/p>\n<p>Unabh\u00e4ngig von der Teilnehmerzahl unserer Radurlaube halten wir uns strikt an den Zeitplan. Alle unsere Pakete, einschlie\u00dflich Tickets, Unterkunft, Veranstaltungen, Transport, Fahrr\u00e4der und unsere Guides, werden zum Zeitpunkt der Buchung gebucht und zugeteilt. Daher m\u00fcssen Sie sich nie sorgen, dass Sie den Zeitplan verlassen.<\/p>\n<p>[\/ et_pb_accordion_item] [et_pb_accordion_item title = &quot;Zu Ihren Diensten!&quot; open = &quot;off&quot; use_border_color = &quot;off&quot; border_color = &quot;# ffffff&quot; border_width = &quot;1px&quot; border_style = &quot;solid&quot; disabled = &quot;off&quot;]<\/p>\n<p>On Ride Support: Egal, ob es sich um einen Tankstopp-Checkpoint handelt oder Ihr Fahrrad auf mechanische Unterst\u00fctzung angewiesen ist, unsere Mitarbeiter, die Sie w\u00e4hrend der Radtour begleiten, k\u00f6nnen Sie sofort bedienen.<\/p>\n<p>&nbsp;<\/p>\n<p>Off-Ride-Support: Unser Team von Einheimischen, das mit uns zusammenarbeitet, ist bereit, Sie mit den Br\u00e4uchen und Traditionen ihres Ortes vertraut zu machen. Unsere Fahrer mit Allradfahrzeugen transportieren Sie sicher zu Orten unendlicher Sch\u00f6nheit.<\/p>\n<p>[_st_peakpeak_image_imit] [\/pst_bpc_bpb_kolumn] [et_pbpc_bakkollion_imit_p_st_pb_coll_puppe_pole_pole_pole_pole_pole_pole_pole_pole_pole_pole_pole_pb_pole_pole_pole_pb_pole_pole_pole_pb_pole_pole_pole_pole_pb_pole_pole_pole_pole_pb_pole_peak_pole_peak_pole_peak_pole_peak_pole_peak_pole_puppe &quot;Icon_color =&quot; # 595959 &quot;use_border_color =&quot; on &quot;border_color =&quot; # 000000 &quot;border_width =&quot; 0px &quot;border_style =&quot; solid &quot;disabled =&quot; off &quot;] [et_pb_accordion_item title =&quot; Routen f\u00fcr alle &quot;open =&quot; on &quot;use_border_color = &quot;Off&quot; border_color = &quot;# ffffff&quot; border_width = &quot;1px&quot; border_style = &quot;solid&quot; disabled = &quot;off&quot;]<\/p>\n<p>Unsere Radtouren sind auf Ihre Bed\u00fcrfnisse zugeschnitten. Egal, ob Sie zum ersten Mal Fahrradurlaub machen oder ein Profisportler sind, wir passen die Route an Ihr Niveau an. Wir bieten eine solche Vielzahl an Touren an, dass wir Ihren Wunsch erf\u00fcllen werden, egal ob Sie ein engagierter Clubfahrer mit dreistelligen w\u00f6chentlichen Kilometern sind oder eine aktive Person, die gelegentlich am Wochenende mit dem Fahrrad unterwegs ist.<\/p>\n<p>[\/ et_pb_accordion_item] [et_pb_accordion_item title = &quot;Leidenschaft f\u00fcr Fotografie&quot; open = &quot;off&quot; use_border_color = &quot;off&quot; border_color = &quot;# ffffff&quot; border_width = &quot;1px&quot; border_style = &quot;solid&quot; disabled = &quot;off&quot;] Ausgenommen Radfahren, das Entdecken der Sch\u00f6nheiten Griechenlands f\u00fchrte uns zu einer weiteren Leidenschaft: der Fotografie. Die Landschaft, die Sie erleben werden, ist absolut ein Foto wert und die Erfahrung, die Sie absolut wert sind, f\u00fcr immer festgehalten zu werden. Neben dem Radfahren teilen wir Ihnen unser Wissen \u00fcber die Kunst der Fotografie mit. [\/ et_pb_accordion_item] [et_pb_accordion_item title = &quot;Open Books-Richtlinien&quot; open = &quot;off&quot; use_border_color = &quot;off&quot; border_color = &quot;# ffffff&quot; border_width = &quot;1px&quot; border_style = &quot;solid&quot; disabled = &quot;off&quot;] W\u00e4hrend unserer Fahrt in Griechenland Wir hatten dieses Gef\u00fchl des Staunens und der Ehrfurcht, wo Sie das Gef\u00fchl haben, Teil von etwas Gro\u00dfartigem zu sein. Aus diesem Grund haben wir uns entschlossen, all diese Sch\u00f6nheit mit der Welt zu teilen. Auf unserer Website k\u00f6nnen Sie alle Angebote Griechenlands f\u00fcr Radfahrer sowie Routendaten und GPX-Dateien entdecken. Nutzen Sie es, egal ob Sie bei uns buchen oder alleine reisen! [\/ et_pb_accordion_item] [et_pb_accordion_item title = &quot;Freunde und Familie sind eingeladen&quot; open = &quot;off&quot; use_border_color = &quot;off&quot; border_color = &quot;# ffffff&quot; border_width = &quot;1px&quot; border_style = &quot;solid&quot; disabled = &quot;off&quot;]<\/p>\n<p>Wir planen alles im Voraus f\u00fcr Sie, damit Sie nicht alleine reisen m\u00fcssen. Ob Ihre Kinder (\u00fcber 8 Jahre) und Ihre Familie sich f\u00fcr die Radtour entscheiden oder nicht, Sie k\u00f6nnen Ihren Urlaub trotzdem bei uns buchen. Wir organisieren Aktivit\u00e4ten f\u00fcr die ganze Familie oder Freunde, die nicht mit dem Fahrrad unterwegs sind, und wir sorgen daf\u00fcr, dass jeder, der mit Ihnen reist, seinen Urlaub genauso genie\u00dft wie beim Radfahren.<\/p>\n<p>[_st_peakpeak_image_imit] [\/pst_bpc_bpb_kolumn] [et_pbpc_bakkollion_imit_p_st_pb_coll_puppe_pole_pole_pole_pole_pole_pole_pole_pole_pole_pole_pole_pb_pole_pole_pole_pb_pole_pole_pole_pb_pole_pole_pole_pole_pb_pole_pole_pole_pole_pb_pole_peak_pole_peak_pole_peak_pole_peak_pole_peak_pole_puppe &quot;Icon_color =&quot; # 595959 &quot;use_border_color =&quot; on &quot;border_color =&quot; # 000000 &quot;border_width =&quot; 0px &quot;border_style =&quot; solid &quot;disabled =&quot; off &quot;] [et_pb_accordion_item title =&quot; Prolong your Holidays &quot;\u00f6ffnen =&quot; on &quot;use_border_color = &quot;Off&quot; border_color = &quot;# ffffff&quot; border_width = &quot;1px&quot; border_style = &quot;solid&quot; disabled = &quot;off&quot;] Auch wenn die bei uns gebuchte Radtour weniger als Ihre geplante Urlaubszeit dauert, m\u00fcssen Sie sich keine Sorgen machen . Teilen Sie uns einfach Ihre Pl\u00e4ne mit und wir arrangieren alles f\u00fcr Sie. Unser Team wird Sie unterst\u00fctzen und Ihnen alle Informationen geben, die Sie \u00fcber Fl\u00fcge, Hotels, Veranstaltungen, Kreuzfahrten, Transport oder alles ben\u00f6tigen, um Ihren Urlaub noch angenehmer zu gestalten. [\/ Et_pb_accordion_item] [et_pb_accordion_item title = &quot;Diversified Accommodation&quot; \u00f6ffnen = &quot;Off&quot; use_border_color = &quot;off&quot; border_color = &quot;# ffffff&quot; border_width = &quot;1px&quot; border_style = &quot;solid&quot; disabled = &quot;off&quot;] Luxuri\u00f6se Unterk\u00fcnfte, Bauernh\u00e4user, Villenanlagen, traditionelle G\u00e4steh\u00e4user, Bergh\u00fctten und Schutzh\u00fctten, alle Sie werden sorgf\u00e4ltig ausgew\u00e4hlt, um die Entfernungen von Ihren Ausgangspunkten zu minimieren, Sie in der N\u00e4he der wichtigsten Sehensw\u00fcrdigkeiten zu halten und Ihren Komfort zu gew\u00e4hrleisten. Das einzige, was Sie tun m\u00fcssen, ist, die Fahrt zu genie\u00dfen und ein unvergessliches Erlebnis zu haben. [\/ Et_pb_accordion_item] [et_pb_accordion_item title = &quot;Wir reiten gerne!&quot; Open = &quot;off&quot; use_border_color = &quot;off&quot; border_color = &quot;# ffffff&quot; border_width = &quot;1px&quot; border_style = &quot;solid&quot; disabled = &quot;off&quot;] Die an unserem Projekt arbeitenden Personen verbrachten deutlich mehr Zeit mit dem Radfahren als zu Fu\u00df. Es liegt auf der Hand, dass sie so leidenschaftlich Ihren Radurlaub verbringen, und das liegt auf der Ebene des Services, den sie anbieten. Es ist unser oberstes Ziel, sicherzustellen, dass Sie die Zeit Ihres Lebens haben werden, und wir versprechen, es von Anfang an bis zum Abflug als oberste Priorit\u00e4t zu behalten. [\/ Et_pb_accordion_item] [et_pb_accordion_item title = &quot;Wir speichern Ihr Fahrrad&quot; open = &quot;off&quot; use_border_color = &quot;off&quot; border_color = &quot;# ffffff&quot; border_width = &quot;1px&quot; border_style = &quot;solid&quot; disabled = &quot;off&quot;] Wenn Sie Ihren Aufenthalt verl\u00e4ngern m\u00f6chten, k\u00f6nnen wir Ihr Fahrrad und Ihre Ausr\u00fcstung sicher aufbewahren unsere R\u00e4umlichkeiten bis zu Ihrem Abreisedatum Sie werden die Sch\u00f6nheit Griechenlands genie\u00dfen, w\u00e4hrend wir uns um Ihr Hab und Gut k\u00fcmmern. Wir k\u00f6nnen es sogar an Ihren Wohnort versenden, falls Sie ohne zu viel Gep\u00e4ck an ein anderes Ziel umziehen m\u00f6chten. [\/ Et_pb_accordion_item] [\/ et_pb_accordion] [\/ et_pb_row]] [\/ et_pb_row] [et_pb_row admin_label = &quot;Reihe&quot; make_fullwidth = &quot; on &quot;use_custom_width =&quot; off &quot;width_unit =&quot; off &quot;custom_width_px =&quot; 1080px &quot;custom_width_percent =&quot; 80% &quot;use_custom_gutter =&quot; on &quot;gutter_width =&quot; 3 &quot;padding_mobile =&quot; off &quot;allow_player_pause =&quot; off &quot;parallax_m &quot;Ein&quot; make_equal = &quot;aus&quot; column_padding_mobile = &quot;ein&quot; parallax_1 = &quot;aus&quot; parallax_method_1 = &quot;ein&quot; parallax_2 = &quot;aus&quot; parallax_method_2 = &quot;ein&quot; parallax_3 = &quot;aus&quot; parallax_method_3 = &quot;ein&quot; &quot;On&quot; module_class_1 = &quot;css_3_columns&quot; disabled = &quot;off&quot;] [et_pb_column type = &quot;4_4&quot;] [et_pb_code admin_label = &quot;CODE - NO EDIT - Divi-Akkordeon standardm\u00e4\u00dfig geschlossen deaktivieren&quot;]  [\/ et_pb_code] [et_pb_code admin_label = &quot;CODE - NO EDIT - Divi-Akkordeon-Modul-Tabs verschlie\u00dfbar machen&quot; deaktiviert = &quot;aus&quot;]]  [\/ et_pb_code] [\/ et_pb_column] [\/ et_pb_row] [\/ et_pb_section] [et_pb_section admin_label = &quot;Abschnitt&quot; global_module &quot;&quot; &quot;._4648_closure_background =&quot; off &quot;background_color =&quot; # 263238 &quot; = &quot;Off&quot; parallax_method = &quot;on&quot; custom_padding = &quot;75px | 0px | 38px | 0px&quot; padding_mobile = &quot;off&quot; make_fullwidth = &quot;off&quot; use_custom_width = &quot;off&quot; width_unit = &quot;off&quot; make_equal_gutter = &quot;off&quot; fullwidth = &quot;off&quot; speciality = &quot;off&quot; disabled = &quot;off&quot; background_image = &quot;https:\/\/www.grcycling.com\/wp-content\/uploads\/2017\/01\/need_photos_bigbg-1.jpg&quot; custom_css_main_element = &quot;border-top : 10px solid # FFAB00; &quot;] [et_pb_row global_parent =&quot; 29046 &quot;admin_label =&quot; Zeile &quot;make_fullwidth =&quot; off &quot;use_custom_width =&quot; off &quot;width_unit =&quot; off &quot;custom_width_px =&quot; 1080px &quot;custom_width_percent =&quot; 80% &quot;use_custom_att &#39; &quot;Gutter_width =&quot; 3 &quot;custom_padding =&quot; 0px | 0px | 27px | 0px &quot;padding_mobile =&quot; off &quot;allow_ player_pause = &quot;aus&quot; parallax = &quot;aus&quot; parallax_method = &quot;ein&quot; make_equal = &quot;aus&quot; column_padding_mobile = &quot;ein&quot; parallax_1 = &quot;aus&quot; parallax_method_1 = &quot;ein&quot; parallax_method_2 = &quot;ein&quot; parallax_3 = &quot;aus&quot; parallax_method_3 = &quot;on&quot; parallax_4 = &quot;off&quot; parallax_method_4 = &quot;on&quot; disabled = &quot;off&quot;] [et_pb_column type = &quot;4_4&quot;] [et_pb_cta global_parent = &quot;290_admin_label =&quot; Aufruf zur Aktion &quot;button_url =&quot; \/ tours \/ &quot; url_new_window = &quot;off&quot; button_text = &quot;Erkundung der verf\u00fcgbaren Touren&quot; use_background_color = &quot;off&quot; background_color = &quot;# 7ebec5 \u2033 background_layout =&quot; dark &quot;text_orientation =&quot; center &quot;body_font_size =&quot; 41px &quot;body_line_height =&quot; 2 &quot;use_border_color =&quot; off &quot;border &quot;#Ffffff&quot; border_style = &quot;solid&quot; custom_button = &quot;on&quot; button_use_icon = &quot;on&quot; button_icon_placement = &quot;right&quot; button_on_hover = &quot;on&quot; button_letter_spacing_hover = &quot;0&quot; deaktiviert = &quot;off&quot; button_letter_spacing = &quot;0&quot; header_text_color = &quot;#eaeaea&quot; bo dy_text_color = &quot;# f4f4f4&quot; button_text_color = &quot;# e2ad00&quot; button_bg_color = &quot;rgba (0,0,0,0)&quot; button_border_color = &quot;# e2ad00&quot; button_text_color_hover = &quot;# 000000&quot; button_bg_color_hover = &quot;# e2ad00&quot;; ] Suchen Sie nicht weiter. Buchen Sie jetzt Ihre Tour! [\/ et_pb_cta] [\/ et_pb_column] [\/ et_pb_row] [\/ et_pb_section]<\/p>","protected":false},"excerpt":{"rendered":"<p>[et_pb_section admin_label=&#8221;Section&#8221; transparent_background=&#8221;off&#8221; allow_player_pause=&#8221;off&#8221; inner_shadow=&#8221;off&#8221; parallax=&#8221;off&#8221; parallax_method=&#8221;on&#8221; padding_mobile=&#8221;off&#8221; make_fullwidth=&#8221;off&#8221; use_custom_width=&#8221;off&#8221; width_unit=&#8221;off&#8221; custom_width_px=&#8221;1080px&#8221; custom_width_percent=&#8221;80%&#8221; make_equal=&#8221;off&#8221; use_custom_gutter=&#8221;off&#8221; fullwidth=&#8221;on&#8221; specialty=&#8221;off&#8221; disabled=&#8221;off&#8221;][et_pb_fullwidth_header admin_label=&#8221;Fullwidth Header&#8221; [&hellip;]<\/p>","protected":false},"author":2,"featured_media":31728,"parent":0,"menu_order":4,"comment_status":"closed","ping_status":"closed","template":"","meta":[],"acf":[],"_links":{"self":[{"href":"https:\/\/www.grcycling.com\/de\/wp-json\/wp\/v2\/pages\/28588"}],"collection":[{"href":"https:\/\/www.grcycling.com\/de\/wp-json\/wp\/v2\/pages"}],"about":[{"href":"https:\/\/www.grcycling.com\/de\/wp-json\/wp\/v2\/types\/page"}],"author":[{"embeddable":true,"href":"https:\/\/www.grcycling.com\/de\/wp-json\/wp\/v2\/users\/2"}],"replies":[{"embeddable":true,"href":"https:\/\/www.grcycling.com\/de\/wp-json\/wp\/v2\/comments?post=28588"}],"version-history":[{"count":0,"href":"https:\/\/www.grcycling.com\/de\/wp-json\/wp\/v2\/pages\/28588\/revisions"}],"wp:featuredmedia":[{"embeddable":true,"href":"https:\/\/www.grcycling.com\/de\/wp-json\/wp\/v2\/media\/31728"}],"wp:attachment":[{"href":"https:\/\/www.grcycling.com\/de\/wp-json\/wp\/v2\/media?parent=28588"}],"curies":[{"name":"wp","href":"https:\/\/api.w.org\/{rel}","templated":true}]}}