{"id":32048,"date":"2017-06-26T15:40:53","date_gmt":"2017-06-26T12:40:53","guid":{"rendered":"https:\/\/www.grcycling.com\/?page_id=32048"},"modified":"2018-09-28T23:44:52","modified_gmt":"2018-09-28T20:44:52","slug":"rent-a-bike","status":"publish","type":"page","link":"https:\/\/www.grcycling.com\/de\/rent-a-bike\/","title":{"rendered":"Fahrradverleih - Mieten Sie ein Fahrrad in Griechenland"},"content":{"rendered":"<p>[et_pb_section bb_built = &quot;1&quot; admin_label = &quot;Section&quot; fullwidth = &quot;on&quot; speciality = &quot;off&quot; transparent_background = &quot;off&quot; background_image = &quot;https:\/\/www.grcycling.com\/wp-content\/uploads\/2017\/05\/ DSC_0065-1.jpg &quot;allow_player_pause =&quot; off &quot;inner_shadow =&quot; off &quot;parallax =&quot; off &quot;parallax_method =&quot; on &quot;make_fullwidth =&quot; off &quot;use_custom_width =&quot; off &quot;width_unit =&quot; on &quot;make_equal =&quot; off &quot;use_custom_gutter =&quot; off &quot; \u201d] [Et_pb_fullwidth_header admin_label =\u201d Fullwidth Header \u201dtitle =\u201d Bicycle Rentals \u201dsubhead =\u201d Der beste Fahrradverleih in Athen und Kalamata (neu) \u201dtext_orientation =\u201d center \u201dheader_fullscreen =\u201d on \u201dheader_scroll_down =\u201d off \u201d image_orientation = &quot;center&quot; background_layout = &quot;light&quot; content_orientation = &quot;center&quot; custom_button_two = &quot;off&quot; button_two_letter_spacing = &quot;0&quot; button_two_icon_placement = &quot;right&quot; button_two_letter_spacing_hover = &quot;0&quot; custom_button_one_oneingabe &quot;&quot; &quot;button_one_one_patching&quot; &quot; ment = &quot;right&quot; button_one_letter_spacing_hover = &quot;0&quot; subhead_font_color = &quot;# ffffff&quot; _builder_version = &quot;3.0.51&quot; \/] [\/ et_pb_section] [et_pb_section bb_built = &quot;1&quot; admin_label = &quot;section&quot; fullwidth = &quot;off&quot; = &quot;Transparent_background =&quot; off &quot;allow_player_pause =&quot; off &quot;inner_shadow =&quot; off &quot;parallax =&quot; off &quot;parallax_method =&quot; on &quot;make_fullwidth =&quot; off &quot;use_custom_width =&quot; off &quot;width_unit =&quot; on &quot;make_equal =&quot; off &quot;use_custom_gutter =&quot; off &quot; \u201dCustom_padding =\u201d 0px | 0px | 0px | 0px \u201dbackground_color =\u201d # 222222 \u2033 module_id = \u201dourbikes\u201d] [et_pb_row admin_label = \u201dZeile\u201d background_position = \u201dtop_left\u201d background_repeat = \u201drepeat\u201d background_size = \u201dinitial\u201d] [et_pb_cololf = \u201d4_4 \u2033] [et_pb_text admin_label =\u201d Text \u201dbackground_layout =\u201d light \u201dtext_orientation =\u201d left \u201dheader_text_color =\u201d # ffd740 \u201duse_border_color =\u201d off \u201dborder_color =\u201d # ffffff \u201dborder_style =\u201d solid \u201dbackground_position =\u201d top_left \u201dbackground_position = \u201dRep essen &quot;background_size =&quot; initial &quot;]<\/p>\n<h1 style=\"text-align: center;\">Unsere Fahrr\u00e4der<\/h1>\n<p style=\"text-align: center;\">Finden Sie die, die zu Ihnen passt<\/p>\n<p>[\/ et_pb_text] [\/ et_pb_column] [\/ et_pb_row] [et_pb_row admin_label = &quot;Row&quot; allow_player_pause = &quot;off&quot; parallax = &quot;off&quot; parallax_method = &quot;on&quot; parallax_1 = &quot;off&quot; parallax_method_1 = &quot;off&quot; in_aller_staffel = &quot;Off&quot; width_unit = &quot;on&quot; use_custom_gutter = &quot;on&quot; gutter_width = &quot;1&quot; make_equal = &quot;off&quot; custom_padding = &quot;0px | 0px | 0px | 50px&quot; padding_top_1 = &quot;0px&quot; padding_right_1 = &quot;0px&quot; padding_bottom &#39;= padding_left_1 = &quot;0px&quot; custom_padding_tablet = &quot;0px | 0px | 0px | 0px&quot; custom_padding_last_edited = &quot;on | phone&quot; background_position = &quot;top_left&quot; background_repeat = &quot;repeat&quot; background_size = &quot;initial&quot;] [et_pb_column type = &quot;\u2033 \u2033 = &quot;Text&quot; background_layout = &quot;dunkel&quot; text_orientation = &quot;center&quot; use_border_color = &quot;off&quot; border_color = &quot;# ffffff&quot; border_style = &quot;solid&quot; background_position = &quot;top_left&quot; background_repeat = &quot;repeat&quot; background_size = &quot;initial&quot;] [searchandfilter id = \u201d32067 \u2033 show =\u201d resu lts \u201d] [\/ et_pb_text] [\/ et_pb_column] [\/ et_pb_row] [\/ et_pb_section] [et_pb_section bb_built =\u201d 1 \u2033 admin_label = \u201dFahrradvermietungskontakte\u201d fullwidth = \u201doff\u201d speciality = \u201doff\u201d inner_shadow = \u201don\u201d parallax = &quot;On&quot; module_id = &quot;bike_rental_contacts&quot; background_color = &quot;# 263238&quot; custom_css_main_element = &quot;border-top: 10 Pixel fester # FFD740;&quot; background_image = &quot;https:\/\/www.grcycling.com\/wp-content\/uploads\/2017\/01\/ need_photos_bigbg-1.jpg \u201d_builder_version =\u201d 3.0.51 \u201d] [et_pb_row admin_label =\u201d Zeile \u201dbackground_position =\u201d top_left \u201dbackground_repeat =\u201d repeat \u201dbackground_size =\u201d initial \u201d] [et_pb_column type =\u201d 1_2 \u2033] Text \u201dbackground_layout =\u201d light \u201dtext_orientation =\u201d left \u201dborder_style =\u201d solid \u201dheader_text_color =\u201d # ffd740 \u2033 background_position = \u201dtop_left\u201d background_repeat = \u201drepeat\u201d background_size = \u201dinitial\u201d _builder_version = \u201d3.0.51 \u2033 saved_tabs =\u201d all \u201d ]<\/p>\n<h1 style=\"text-align: center;\">Mieten Sie ein Fahrrad in Athen<\/h1>\n<ul>\n<li style=\"text-align: left;\">\n<h4>Lust auf eine Freizeitfahrt in der Stadt Athen?<\/h4>\n<\/li>\n<li style=\"text-align: left;\">\n<h4>Auf eine Radreise in Griechenland?<\/h4>\n<\/li>\n<li style=\"text-align: left;\">\n<h4>Planen Sie Ihre morgendliche oder nachmitt\u00e4gliche Fahrt?<\/h4>\n<\/li>\n<li style=\"text-align: left;\">\n<h4>Suchen Sie nach einer Schulung?<\/h4>\n<\/li>\n<li style=\"text-align: left;\">\n<h4>Teilnahme an einer Veranstaltung oder einem Rennen?<\/h4>\n<\/li>\n<\/ul>\n<h1 style=\"text-align: center;\">Mieten Sie Premium-Hybriden f\u00fcr hochwertige Carbon-Rennr\u00e4der<\/h1>\n<p style=\"text-align: center;\">Wir sind eine begeisterte Radfahrerin, was uns sehr aufregend macht, Sie bei jeder Art von Radsport zu unterst\u00fctzen, die Sie in Athen oder in der gr\u00f6\u00dferen Region Griechenlands planen. Unsere Premium-Fahrradflotte unterst\u00fctzt Sie bei allem, was Sie zum Mieten eines Fahrrads ben\u00f6tigen. Kontaktieren Sie uns, und unsere Radsportler werden in k\u00fcrzester Zeit reagieren.<\/p>\n<h5 style=\"text-align: center;\">Mieten Sie jetzt Ihr Fahrrad!<\/h5>\n<p>[\/ et_pb_text] [et_pb_text admin_label = &quot;Text&quot; background_layout = &quot;light&quot; text_orientation = &quot;left&quot; border_style = &quot;solid&quot; header_text_color = &quot;# ffd740&quot; background_position = &quot;top_left&quot; background_repeat = &quot;repeat&quot; background_size = &quot;initial&quot; _builder_version = &quot; 3.0.51 \u2033 saved_tabs = &quot;all&quot;]<\/p>\n<h1 style=\"text-align: center;\">M\u00f6chten Sie ein Fahrrad in Kalamata mieten?<\/h1>\n<p>Unser Lieferservice wurde erweitert und bietet Ihnen die M\u00f6glichkeit, Ihr Leihrad in Kalamata ausliefern zu lassen. Die Umgebung der Stadt bietet ein atemberaubendes Raderlebnis. Wir sind hier, um das noch besser zu machen! Fragen Sie uns nach weiteren Details<\/p>\n<p>[\/ et_pb_text] [et_pb_text admin_label = &quot;Text&quot; background_layout = &quot;light&quot; text_orientation = &quot;left&quot; use_border_color = &quot;off&quot; border_color = &quot;# ffffff&quot; border_style = &quot;solid&quot; header_text_color = &quot;# ffd740 \u2033 background_repert =&quot; &quot;Repeat&quot; background_size = &quot;initial&quot;]<\/p>\n<h1 style=\"text-align: center;\">\u00a0Inbegriffen<\/h1>\n<p style=\"text-align: center;\">Pedale, kleine Pumpe, Werkzeugsatz, Ersatzrohr,<br \/>\nSperre, Helm, Lichter<\/p>\n<h1 style=\"text-align: center;\">Kostenlose Lieferung \/ Abholung *<\/h1>\n<p style=\"text-align: center;\">Wir k\u00f6nnen Ihr Leihrad von Ihrem Hotel oder Ihrem Wohnort ausliefern und abholen lassen (mindestens zwei Tage). Klicken Sie auf unser<a href=\"https:\/\/www.grcycling.com\/de\/rent-a-bike\/bicycle-rental-delivery-n-collect-service\/\">\u00a0Karte<\/a>\u00a0f\u00fcr mehr Details.<br \/>\n(* Nur in Athens City)<\/p>\n<p>[\/ et_pb_text] [et_pb_text admin_label = &quot;Text&quot; background_layout = &quot;light&quot; text_orientation = &quot;left&quot; header_text_color = &quot;# ffd740&quot; use_border_color = &quot;off&quot; border_color = &quot;# ffffff&quot; border_style = &quot;solid&quot; background_position = &quot;top_left&quot; background_repeat = &quot;Repeat&quot; background_size = &quot;initial&quot;]<\/p>\n<h1 style=\"text-align: center;\">Exklusiver Service<\/h1>\n<p style=\"text-align: center;\">Wir k\u00f6nnen jedes unserer Fahrr\u00e4der komplett ausgestattet und an Ihre Bed\u00fcrfnisse angepasst haben. Au\u00dferdem k\u00f6nnen wir Ihre Leihfahrr\u00e4der von \u00fcberall in Griechenland ausliefern und abholen. Wir garantieren 100% -ige Einhaltung Ihres Zeitplans und Ihrer Anforderungen - vom Einrichten des idealen Fahrrads und unter bestimmten Spezifikationen bis hin zur Bereitstellung von Fahrradbekleidung und -bekleidung.<\/p>\n<p>[\/ et_pb_text] [\/ et_pb_column] [et_pb_column type = \u201d1_2 \u2033] [et_pb_blurb admin_label =\u201d E-Mail \u201dtitle =\u201d Senden Sie uns eine E-Mail \u201durl =\u201d mailto: info@grcycling.com \u201durl_new_window =\u201d on \u201duse_icon =\u201d on &quot;font_icon =&quot; %% 109 %% &quot;icon_color =&quot; # ffd740 &quot;use_circle =&quot; off &quot;circle_color =&quot; # ffd740 &quot;use_circle_border =&quot; off &quot;circle_border_color =&quot; # ffd740 &quot;icon_placement =&quot; left &quot;background_layout = &quot;Dark&quot; text_orientation = &quot;left&quot; use_icon_font_size = &quot;off&quot; use_border_color = &quot;off&quot; border_color = &quot;# ffffff&quot; border_style = &quot;solid&quot; background_position = &quot;top_left&quot; background_repeat = &quot;repeat&quot; background_size = &quot;initial&quot;]<\/p>\n<p>Wenn Sie Ihr gew\u00fcnschtes Fahrrad, Termine und andere Informationen angeben, werden wir uns in den n\u00e4chsten Stunden mit Ihnen in Verbindung setzen.<\/p>\n<p>[\/ et_pb_blurb] [et_pb_blurb admin_label = &quot;Telefon&quot; title = &quot;Rufen Sie uns an +30 2108675623&quot; url_new_window = &quot;ein&quot; use_icon = &quot;ein&quot; font_icon = &quot;%% 86 %%&quot; icon_color = &quot;# ffd740&quot; &quot;Circle_color =&quot; # ffd740 &quot;use_circle_border =&quot; off &quot;circle_border_color =&quot; # ffd740 &quot;icon_placement =&quot; left &quot;animation =&quot; top &quot;background_layout =&quot; dark &quot;text_orientation =&quot; left &quot;use_icon_font_size =&quot; off &quot;use_border_color =&quot; off &quot;use_border_color =&quot; off &quot; \u201d#Ffffff\u201d border_style = \u201dsolid\u201d header_text_color = \u201d# ffd740 \u2033 background_position =\u201d top_left \u201dbackground_repeat =\u201d repeat \u201dbackground_size =\u201d initial \u201d]<\/p>\n<p>Und wir werden alles gemeinsam herausfinden!<\/p>\n<p>[\/ et_pb_blurb] [et_pb_blurb admin_label = &quot;Form&quot; title = &quot;F\u00fcllen Sie das folgende Formular aus&quot; url_new_window = &quot;on&quot; use_icon = &quot;on&quot; font_icon = &quot;%% 73 %%&quot; use_circle = &quot;off&quot; use_circle_border = &quot;off&quot; icon_placement = &quot;Left&quot; animation = &quot;top&quot; background_layout = &quot;dark&quot; use_icon_font_size = &quot;off&quot; border_style = &quot;solid&quot; header_text_color = &quot;# ffd740&quot; background_position = &quot;top_left&quot; background_repeat = &quot;repeat&quot; background_size = &quot;initial&quot; _builder_version = &quot;3.0. 51 \u2033]<\/p>\n<p>und beschreiben Sie, was Sie brauchen.<\/p>\n<p>[\/ et_pb_blurb] [et_pb_text admin_label = &quot;Anfrageformular&quot; background_layout = &quot;dunkel&quot; text_orientation = &quot;left&quot; use_border_color = &quot;off&quot; border_color = &quot;# ffffff&quot; border_style = &quot;solid&quot; background_position = &quot;top_left&quot; background_repeat = &quot;repeat&quot; background_srepeat = &quot;Initial&quot;] [contact-form-7 id = &quot;32050&quot;] [\/ et_pb_text] [\/ et_pb_column] [\/ et_pb_row] [\/ et_pb_section]<\/p>","protected":false},"excerpt":{"rendered":"<p>[et_pb_section bb_built=&#8221;1&#8243; admin_label=&#8221;Section&#8221; fullwidth=&#8221;on&#8221; specialty=&#8221;off&#8221; transparent_background=&#8221;off&#8221; background_image=&#8221;https:\/\/www.grcycling.com\/wp-content\/uploads\/2017\/05\/DSC_0065-1.jpg&#8221; allow_player_pause=&#8221;off&#8221; inner_shadow=&#8221;off&#8221; parallax=&#8221;off&#8221; parallax_method=&#8221;on&#8221; make_fullwidth=&#8221;off&#8221; use_custom_width=&#8221;off&#8221; width_unit=&#8221;on&#8221; make_equal=&#8221;off&#8221; use_custom_gutter=&#8221;off&#8221;][et_pb_fullwidth_header admin_label=&#8221;Fullwidth Header&#8221; title=&#8221;Bicycle Rentals&#8221; [&hellip;]<\/p>","protected":false},"author":2,"featured_media":32111,"parent":0,"menu_order":0,"comment_status":"closed","ping_status":"closed","template":"","meta":[],"acf":[],"_links":{"self":[{"href":"https:\/\/www.grcycling.com\/de\/wp-json\/wp\/v2\/pages\/32048"}],"collection":[{"href":"https:\/\/www.grcycling.com\/de\/wp-json\/wp\/v2\/pages"}],"about":[{"href":"https:\/\/www.grcycling.com\/de\/wp-json\/wp\/v2\/types\/page"}],"author":[{"embeddable":true,"href":"https:\/\/www.grcycling.com\/de\/wp-json\/wp\/v2\/users\/2"}],"replies":[{"embeddable":true,"href":"https:\/\/www.grcycling.com\/de\/wp-json\/wp\/v2\/comments?post=32048"}],"version-history":[{"count":0,"href":"https:\/\/www.grcycling.com\/de\/wp-json\/wp\/v2\/pages\/32048\/revisions"}],"wp:featuredmedia":[{"embeddable":true,"href":"https:\/\/www.grcycling.com\/de\/wp-json\/wp\/v2\/media\/32111"}],"wp:attachment":[{"href":"https:\/\/www.grcycling.com\/de\/wp-json\/wp\/v2\/media?parent=32048"}],"curies":[{"name":"wp","href":"https:\/\/api.w.org\/{rel}","templated":true}]}}