{"id":33059,"date":"2017-10-30T16:57:18","date_gmt":"2017-10-30T14:57:18","guid":{"rendered":"https:\/\/www.grcycling.com\/?p=33059"},"modified":"2018-08-08T15:37:04","modified_gmt":"2018-08-08T15:37:04","slug":"hot-deals-premium-bike-service","status":"publish","type":"page","link":"https:\/\/www.grcycling.com\/de\/club\/hot-deals-premium-bike-service\/","title":{"rendered":"Hot Deals &amp; Fahrradservice"},"content":{"rendered":"","protected":false},"excerpt":{"rendered":"<p>Monatlich gro\u00dfe Rabatte auf Radbekleidung und Zubeh\u00f6r. Premium Bike Shop Repair Service und personalisierte Daten f\u00fcr jedes Fahrrad. <\/p>","protected":false},"author":2,"featured_media":33060,"parent":33062,"menu_order":0,"comment_status":"closed","ping_status":"closed","template":"","meta":[],"acf":[],"_links":{"self":[{"href":"https:\/\/www.grcycling.com\/de\/wp-json\/wp\/v2\/pages\/33059"}],"collection":[{"href":"https:\/\/www.grcycling.com\/de\/wp-json\/wp\/v2\/pages"}],"about":[{"href":"https:\/\/www.grcycling.com\/de\/wp-json\/wp\/v2\/types\/page"}],"author":[{"embeddable":true,"href":"https:\/\/www.grcycling.com\/de\/wp-json\/wp\/v2\/users\/2"}],"replies":[{"embeddable":true,"href":"https:\/\/www.grcycling.com\/de\/wp-json\/wp\/v2\/comments?post=33059"}],"version-history":[{"count":0,"href":"https:\/\/www.grcycling.com\/de\/wp-json\/wp\/v2\/pages\/33059\/revisions"}],"up":[{"embeddable":true,"href":"https:\/\/www.grcycling.com\/de\/wp-json\/wp\/v2\/pages\/33062"}],"wp:featuredmedia":[{"embeddable":true,"href":"https:\/\/www.grcycling.com\/de\/wp-json\/wp\/v2\/media\/33060"}],"wp:attachment":[{"href":"https:\/\/www.grcycling.com\/de\/wp-json\/wp\/v2\/media?parent=33059"}],"curies":[{"name":"wp","href":"https:\/\/api.w.org\/{rel}","templated":true}]}}