{"id":28588,"date":"2017-01-09T00:10:33","date_gmt":"2017-01-08T22:10:33","guid":{"rendered":"http:\/\/grcycling.com\/why-us\/"},"modified":"2017-01-09T00:10:33","modified_gmt":"2017-01-08T22:10:33","slug":"about-us","status":"publish","type":"page","link":"https:\/\/www.grcycling.com\/it\/about-us\/","title":{"rendered":"Riguardo a noi"},"content":{"rendered":"<p>[et_pb_section admin_label = &quot;Sezione&quot; transparent_background = &quot;off&quot; allow_player_pause = &quot;off&quot; inner_shadow = &quot;off&quot; parallax = &quot;off&quot; parallax_method = &quot;su&quot; padding_mobile = &quot;off&quot; make_fullwidth = &quot;off&quot; use_custom_width = &quot;off&quot; width_unit = &quot; off &quot;custom_width_px =&quot; 1080px &quot;custom_width_percent =&quot; 80% &quot;make_equal =&quot; off &quot;use_custom_gutter =&quot; off &quot;fullwidth =&quot; on &quot;specialty =&quot; off &quot;disabled =&quot; off &quot;] [et_pb_fullwidth_header admin_label =&quot; Intestazione larghezza completa &quot;title =&quot; Chi siamo &quot;sottotitolo =&quot; Il ciclismo \u00e8 la nostra passione, l&#39;ospitalit\u00e0 \u00e8 la nostra cultura. &quot;Background_layout =&quot; leggero &quot;text_orientation =&quot; centro &quot;header_fullscreen =&quot; su &quot;header_scroll_down =&quot; su &quot;scroll_down_icon =&quot; %% 1 %% &quot;background_url =&quot; https : \/\/www.grcycling.com\/wp-content\/uploads\/2017\/01\/MPP9718.jpg &quot;parallax =&quot; off &quot;parallax_method =&quot; off &quot;content_orientation =&quot; center &quot;image_orientation =&quot; bottom &quot;title_font_size =&quot; 40px &quot;subhead_text_color = &quot;#Ffffff&quot; custom_button_one = off &quot;button_one_letter_spacing =&quot; 0 &quot;button_one_use_icon =&quot; default &quot;button_one_icon_placement =&quot; right &quot;button_one_on_hover =&quot; on &quot;button_one_letter_spacing_hover =&quot; 0 &quot;custom_button_two =&quot; off &quot;button_two_letter_spacing =&quot; 0 &quot;button_two_use_icon =&quot; default &quot;button_two_icon_placement =&quot; right &quot;button_two_on_hover =&quot; on &quot;button_two_letter_spacing_hover =&quot; 0 &quot;custom_css_main_element =&quot; background-position: center bottom; &quot;disabled =&quot; off &quot;] [\/ et_pb_fullwidth_header] [\/ et_pb_section] [et_pb_section admin_label =&quot; section &quot;transparent_background =&quot; off &quot;background_color =&quot; # 263238 &quot; allow_player_pause = &quot;off&quot; inner_shadow = &quot;off&quot; parallax = &quot;off&quot; parallax_method = &quot;on&quot; padding_mobile = &quot;off&quot; make_fullwidth = &quot;off&quot; use_custom_width = &quot;off&quot; width_unit = &quot;off&quot; custom_width_px = &quot;1080px&quot; custom_width_percent = &quot;80% &quot;Make_equal =&quot; off &quot;use_custom_gutter =&quot; off &quot;fullwidth =&quot; off &quot;specialty =&quot; off &quot;disabled =&quot; off &quot;] [et_pb_row admin_lab el = &quot;Row&quot; make_fullwidth = &quot;off&quot; use_custom_width = &quot;off&quot; width_unit = &quot;off&quot; custom_width_px = &quot;1080px&quot; custom_width_percent = &quot;80%&quot; use_custom_gutter = &quot;off&quot; gutter_width = &quot;3&quot; custom_padding = &quot;27px | 0px | 43px | 0px &quot;padding_mobile =&quot; off &quot;allow_player_pause =&quot; off &quot;parallax =&quot; off &quot;parallax_method =&quot; on &quot;make_equal =&quot; off &quot;column_padding_mobile =&quot; on &quot;parallax_1 =&quot; off &quot;parallax_method_1 =&quot; su &quot;parallax_2 =&quot; off &quot;parallax_method_2 =&quot; su &quot;parallax_3 =&quot; off &quot;parallax_method_3 =&quot; su &quot;parallax_4 =&quot; off &quot;parallax_method_4 =&quot; on &quot;disabled =&quot; off &quot;] [et_pb_column type =&quot; 4_4 &quot;] [et_pb_text admin_label =&quot; Testo &quot;background_layout =&quot; scuro &quot;text_orientation = &quot;Center&quot; use_border_color = &quot;off&quot; border_style = &quot;solid&quot; disabled = &quot;off&quot; border_color = &quot;# ffffff&quot;]<\/p>\n<h1>La combinazione si traduce in un&#39;esperienza di ciclismo sorprendente.<\/h1>\n<p>[\/et_pb_text][\/et_pb_column][\/et_pb_row][et_pb_row admin_label=&#8221;row&#8221; make_fullwidth=&#8221;off&#8221; use_custom_width=&#8221;off&#8221; width_unit=&#8221;off&#8221; custom_width_px=&#8221;1080px&#8221; custom_width_percent=&#8221;80%&#8221; use_custom_gutter=&#8221;off&#8221; gutter_width=&#8221;3&#8243; custom_padding=&#8221;27px|0px|57px|0px&#8221; padding_mobile=&#8221;off&#8221; allow_player_pause=&#8221;off&#8221; parallax=&#8221;off&#8221; parallax_method=&#8221;on&#8221; make_equal=&#8221;off&#8221; column_padding_mobile=&#8221;on&#8221; parallax_1=&#8221;off&#8221; parallax_method_1=&#8221;on&#8221; parallax_2=&#8221;off&#8221; parallax_method_2=&#8221;on&#8221; parallax_3=&#8221;off&#8221; parallax_method_3=&#8221;on&#8221; parallax_4=&#8221;off&#8221; parallax_method_4=&#8221;on&#8221; disabled=&#8221;off&#8221;][et_pb_column type=&#8221;1_2&#8243;][et_pb_blurb admin_label=&#8221;Blurb&#8221; url_new_window=&#8221;off&#8221; use_icon=&#8221;off&#8221; icon_color=&#8221;#ffb330&#8243; use_circle=&#8221;off&#8221; circle_color=&#8221;#ffb330&#8243; use_circle_border=&#8221;off&#8221; circle_border_color=&#8221;#ffb330&#8243; image=&#8221;http:\/\/www.grcycling.com\/wp-content\/uploads\/2016\/11\/greek-column.png&#8221; icon_placement=&#8221;left&#8221; animation=&#8221;bottom&#8221; background_layout=&#8221;dark&#8221; text_orientation=&#8221;left&#8221; use_icon_font_size=&#8221;off&#8221; use_border_color=&#8221;off&#8221; border_color=&#8221;#ffffff&#8221; border_style=&#8221;solid&#8221; disabled=&#8221;off&#8221;]<\/p>\n<p>Siamo cresciuti nel luogo in cui l&#39;ospitalit\u00e0 \u00e8 nata. Sappiamo esattamente cosa significa accogliere cordialmente qualsiasi visitatore. Il nostro obiettivo \u00e8 quello di aprire la strada ad una preziosa esperienza in cui scoprirai la bellezza della Grecia, ma anche sfruttare il suo terreno unico, per vivere l&#39;avventura ciclistica assoluta. Combinare lo sport con le vacanze non potrebbe mai essere pi\u00f9 facile che in Grecia. Pertanto, se stai cercando un&#39;esperienza autentica, siamo noi che possiamo aiutarti.<\/p>\n<p>[\/et_pb_blurb][\/et_pb_column][et_pb_column type=&#8221;1_2&#8243;][et_pb_blurb admin_label=&#8221;Blurb&#8221; url_new_window=&#8221;off&#8221; use_icon=&#8221;off&#8221; icon_color=&#8221;#ffb330&#8243; use_circle=&#8221;off&#8221; circle_color=&#8221;#ffb330&#8243; use_circle_border=&#8221;off&#8221; circle_border_color=&#8221;#ffb330&#8243; image=&#8221;http:\/\/www.grcycling.com\/wp-content\/uploads\/2016\/11\/sun.png&#8221; icon_placement=&#8221;left&#8221; animation=&#8221;bottom&#8221; background_layout=&#8221;dark&#8221; text_orientation=&#8221;left&#8221; use_icon_font_size=&#8221;off&#8221; use_border_color=&#8221;off&#8221; border_color=&#8221;#ffffff&#8221; border_style=&#8221;solid&#8221; disabled=&#8221;off&#8221;]<\/p>\n<p>Partecipare alle nostre vacanze in bicicletta non ti offrir\u00e0 solo benessere e soddisfazione personale. Avrai l&#39;opportunit\u00e0 di scoprire la bellezza della Grecia e sarai totalmente sedotto dagli spettacolari paesaggi e paesaggi di un paese che combina mare, montagne e un patrimonio culturale unico.<\/p>\n<p>[\/ et_pb_blurb] [\/ et_pb_column] [\/ et_pb_row] [et_pb_row admin_label = &quot;Riga&quot; make_fullwidth = &quot;on&quot; use_custom_width = &quot;off&quot; width_unit = &quot;off&quot; custom_width_px = &quot;1080px&quot; custom_width_percent = &quot;80%&quot; use_custom_gutter = &quot;on&quot; gutter_width = &quot;2&quot; padding_mobile = &quot;off&quot; allow_player_pause = &quot;off&quot; parallax = &quot;off&quot; parallax_method = &quot;off&quot; make_equal = &quot;off&quot; column_padding_mobile = &quot;on&quot; parallax_1 = &quot;off&quot; parallax_method_1 = &quot;off&quot; parallax_2 = &quot;off&quot; parallax_method_2 = &quot;off&quot; parallax_3 = &quot;off&quot; parallax_method_3 = &quot;off&quot; parallax_4 = &quot;off&quot; parallax_method_4 = &quot;on&quot; disabled = &quot;off&quot;] [et_pb_column type = &quot;1_3&quot;] [et_pb_accordion admin_label = &quot;Fisarmonica&quot; open_toggle_background_color = &quot;# 0c0c0c &quot;open_toggle_text_color =&quot; # f7f7f7 &quot;closed_toggle_background_color =&quot; # 0c0c0c &quot;closed_toggle_text_color =&quot; # f7f7f7 &quot;icon_color =&quot; # 595959 &quot;use_border_color =&quot; on &quot;border_color =&quot; # 000000 &quot;border_width =&quot; 0px &quot;border_style =&quot; solido &quot;disabled =&quot; via ] [Title et_pb_accordion_item =\u201dguide esperte\u201d open =\u201don\u201d use_border_color =\u201doff\u201d border_color =\u201d# ffffff\u201d border_width = border_style\u201d1px\u201d =\u201dsolido\u201d disabled =\u201doff\u201d]<\/p>\n<p>Le nostre guide sono una squadra di cavalieri appassionati pronti a portarti su strade attraverso i posti pi\u00f9 belli della Grecia. La loro esperienza e competenza ti offriranno un&#39;esperienza avanzata non solo per il ciclismo ma anche per le loro conoscenze storiche. Le nostre visite guidate comprendono una serie di attivit\u00e0, tra cui visite turistiche e visite, per farti visitare i tesori della Grecia e sentire la tradizione.<\/p>\n<p>[\/ et_pb_accordion_item] [et_pb_accordion_item title = &quot;Premium Bikes&quot; open = &quot;off&quot; use_border_color = &quot;off&quot; border_color = &quot;# ffffff&quot; border_width = &quot;1px&quot; border_style = &quot;solido&quot; disabled = &quot;off&quot;] La nostra priorit\u00e0 come gli appassionati di ciclismo \u00e8 per goderci il nostro giro. Pertanto, scegliamo sempre biciclette realizzate con materiali di prima qualit\u00e0, montature di alta qualit\u00e0 e componenti tecnologicamente avanzati. E vogliamo condividere questo con voi perch\u00e9 non comprometteremmo mai la sensazione che una bici premium offrirebbe. Nella maggior parte dei tour, hai la possibilit\u00e0 di utilizzare una delle nostre biciclette, scelte con cura per soddisfare i nostri elevati standard. [\/ et_pb_accordion_item] [et_pb_accordion_item title = &quot;Apprezziamo il tuo tempo!&quot; open = &quot;off&quot; use_border_color = &quot;off&quot; border_color = &quot;# ffffff&quot; border_width = &quot;1px&quot; border_style = &quot;solido&quot; disabled = &quot;off&quot;]<\/p>\n<p>Non importa quale sia il numero del gruppo di partecipanti alle nostre vacanze in bicicletta, seguiamo una politica rigorosa in merito al programma. Tutti i nostri pacchetti, compresi i biglietti, l&#39;alloggio, gli eventi, i trasporti, le biciclette e le nostre guide sono prenotati e assegnati al momento della prenotazione. Pertanto, non dovrai mai preoccuparti di non rispettare i tempi previsti.<\/p>\n<p>[\/ et_pb_accordion_item] [et_pb_accordion_item title = &quot;Al tuo servizio!&quot; open = &quot;off&quot; use_border_color = &quot;off&quot; border_color = &quot;# ffffff&quot; border_width = &quot;1px&quot; border_style = &quot;solido&quot; disabled = &quot;off&quot;]<\/p>\n<p>Supporto di Ride: Che si tratti di un punto di controllo per il rifornimento di carburante o che la tua bici abbia bisogno di assistenza meccanica, le nostre persone che ti accompagnano durante il tour in bicicletta saranno in grado di servirti immediatamente.<\/p>\n<p>&nbsp;<\/p>\n<p>Off Off Ride Support: La nostra squadra di gente del posto, che lavora con noi, \u00e8 disposta ad esporvi alle usanze e alle tradizioni del loro posto. I nostri autisti, con veicoli fuoristrada, ti trasporteranno in sicurezza in luoghi di infinita bellezza.<\/p>\n<p>[\/ Et_pb_accordion_item] [\/ et_pb_accordion] [\/ et_pb_column] [et_pb_column type =\u201d1_3&quot;] [et_pb_accordion admin_label =\u201dfisarmonica\u201d open_toggle_background_color =\u201d# 0c0c0c\u201d open_toggle_text_color =\u201d# f7f7f7&quot; closed_toggle_background_color =\u201d# 0c0c0c\u201d closed_toggle_text_color =\u201d# f7f7f7 &quot;Icon_color =&quot; # 595959 &quot;use_border_color =&quot; on &quot;border_color =&quot; # 000000 &quot;border_width =&quot; 0px &quot;border_style =&quot; solido &quot;disabled =&quot; off &quot;] [et_pb_accordion_item title =&quot; Percorsi per tutti &quot;open =&quot; on &quot;use_border_color = &quot;Off&quot; border_color = &quot;# ffffff&quot; border_width = &quot;1px&quot; border_style = &quot;solid&quot; disabled = &quot;off&quot;]<\/p>\n<p>I nostri tour in bicicletta sono fatti su misura per le tue esigenze. Sia che tu sia in vacanza in bicicletta per la prima volta o che tu sia un atleta professionista, adatteremo il percorso al tuo livello. Offriamo una tale variet\u00e0 di tour che soddisfer\u00e0 i tuoi desideri sia che tu sia un pilota dedicato con un chilometraggio settimanale a tre cifre, o una persona attiva che gode occasionalmente di un giro in bicicletta nel fine settimana.<\/p>\n<p>[\/ et_pb_accordion_item] [et_pb_accordion_item title = &quot;Passione per la fotografia&quot; open = &quot;off&quot; use_border_color = &quot;off&quot; border_color = &quot;# ffffff&quot; border_width = &quot;1px&quot; border_style = &quot;solido&quot; disabilitato = &quot;off&quot;] Tranne il nostro amore per andare in bicicletta, esplorare le bellezze della Grecia ci ha portato a far avanzare un&#39;altra nostra passione: la fotografia. Lo scenario che vivrai merita assolutamente una fotografia e l&#39;esperienza che valga assolutamente la pena di essere catturata e conservata per sempre. Quindi, oltre al ciclismo, condivideremo con voi le nostre conoscenze sull&#39;arte della fotografia. [\/ et_pb_accordion_item] [et_pb_accordion_item title = &quot;Open Books Policy&quot; open = &quot;off&quot; use_border_color = &quot;off&quot; border_color = &quot;# ffffff&quot; border_width = &quot;1px&quot; border_style = &quot;solido&quot; disabled = &quot;off&quot;] Durante le nostre corse in Grecia abbiamo avuto questa sensazione di stupore e stupore, in cui ti senti parte di qualcosa di grande. Ed \u00e8 stato per questo motivo che abbiamo deciso di condividere tutta quella bellezza con il mondo. Sul nostro sito web \u00e8 possibile scoprire tutte le offerte della Grecia per i ciclisti insieme ai dati del percorso e ai file GPX. Usalo se prenoti con noi o viaggi da solo! [\/ et_pb_accordion_item] [et_pb_accordion_item title = &quot;Amici e famiglia sono invitati&quot; open = &quot;off&quot; use_border_color = &quot;off&quot; border_color = &quot;# ffffff&quot; border_width = &quot;1px&quot; border_style = &quot;solido&quot; disabled = &quot;off&quot;]<\/p>\n<p>Pianificheremo tutto in anticipo per te in modo da non dover viaggiare da solo. Se i tuoi figli (maggiori di 8 anni) e la famiglia decidono di partecipare al tour in bicicletta o no, puoi comunque prenotare la tua vacanza con noi. Stiamo organizzando attivit\u00e0 per tutta la famiglia o amici non ciclisti e faremo in modo che tutti coloro che viaggiano con te si godranno la sua vacanza tanto quanto farai durante il ciclismo.<\/p>\n<p>[\/ Et_pb_accordion_item] [\/ et_pb_accordion] [\/ et_pb_column] [et_pb_column type =\u201d1_3&quot;] [et_pb_accordion admin_label =\u201dfisarmonica\u201d open_toggle_background_color =\u201d# 0c0c0c\u201d open_toggle_text_color =\u201d# f7f7f7&quot; closed_toggle_background_color =\u201d# 0c0c0c\u201d closed_toggle_text_color =\u201d# f7f7f7 &quot;Icon_color =&quot; # 595959 &quot;use_border_color =&quot; on &quot;border_color =&quot; # 000000 &quot;border_width =&quot; 0px &quot;border_style =&quot; solido &quot;disabilitato =&quot; off &quot;] [et_pb_accordion_item title =&quot; Prolunga le festivit\u00e0 &quot;open =&quot; on &quot;use_border_color = &quot;Off&quot; border_color = &quot;# ffffff&quot; border_width = &quot;1px&quot; border_style = &quot;solido&quot; disabilitato = &quot;off&quot;] Anche se il tour in bicicletta che stai prenotando con noi dura meno del tempo di vacanza pianificato, non devi preoccuparti . Condividi i tuoi piani con noi e organizzeremo tutto per te. Il nostro team ti assister\u00e0 e ti fornir\u00e0 tutte le informazioni di cui hai bisogno su voli, hotel, eventi, crociere, trasporti o tutto ci\u00f2 di cui potresti avere bisogno per rendere pi\u00f9 confortevoli i tuoi giorni. [\/ Et_pb_accordion_item] [et_pb_accordion_item title = &quot;Diversified Accommodation&quot; aperto = &quot;Off&quot; use_border_color = &quot;off&quot; border_color = &quot;# ffffff&quot; border_width = &quot;1px&quot; border_style = &quot;solido&quot; disabled = &quot;off&quot;] Alloggi di lusso, case coloniche, villaggi turistici, pensioni tradizionali, rifugi e rifugi di montagna, campi di addestramento tutti sono meticolosamente selezionati in modo da minimizzare le distanze dai punti di partenza, ti tengono vicino ai principali punti di interesse e assicurano il tuo comfort. L&#39;unica cosa che devi fare \u00e8 goderti il viaggio e vivere un&#39;esperienza memorabile. [\/ Et_pb_accordion_item] [et_pb_accordion_item title = &quot;Amiamo cavalcare!&quot; Open = &quot;off&quot; use_border_color = &quot;off&quot; border_color = &quot;# ffffff&quot; border_width = &quot;1px&quot; border_style = &quot;solid&quot; disabled = &quot;off&quot;] Le persone che hanno lavorato al nostro progetto hanno trascorso molto pi\u00f9 tempo a pedalare che a camminare. \u00c8 naturale per loro essere cos\u00ec appassionati delle tue vacanze in bicicletta e questo \u00e8 ovvio al livello del servizio che offrono. Assicurarti di avere il tempo della tua vita \u00e8 il nostro obiettivo finale e ti promettiamo di mantenerlo come nostra massima priorit\u00e0 dal momento in cui arrivi al momento in cui parti. [\/ Et_pb_accordion_item] [et_pb_accordion_item title = &quot;Conserviamo la tua bici&quot; open = &quot;off&quot; use_border_color = &quot;off&quot; border_color = &quot;# ffffff&quot; border_width = &quot;1px&quot; border_style = &quot;solido&quot; disabilitato = &quot;off&quot;] Nel caso tu voglia prolungare il tuo soggiorno, possiamo tranquillamente conservare la tua bici e la tua attrezzatura in i nostri locali fino alla tua data di partenza. Ti godrai la bellezza della Grecia mentre noi ci occuperemo delle tue cose. Possiamo spedirlo anche nel tuo luogo di residenza nel caso tu voglia trasferirti in un&#39;altra destinazione senza troppi bagagli. [\/ Et_pb_accordion_item] [\/ et_pb_accordion] [\/ et_pb_column] [\/ et_pb_row] [et_pb_row admin_label = &quot;row&quot; make_fullwidth = &quot; su &quot;use_custom_width =&quot; off &quot;width_unit =&quot; off &quot;custom_width_px =&quot; 1080px &quot;custom_width_percent =&quot; 80% &quot;use_custom_gutter =&quot; on &quot;gutter_width =&quot; 3 &quot;padding_mobile =&quot; off &quot;allow_player_pause =&quot; off &quot;parallax =&quot; off &quot;parallax_method = &quot;On&quot; make_equal = &quot;off&quot; column_padding_mobile = &quot;on&quot; parallax_1 = &quot;off&quot; parallax_method_1 = &quot;su&quot; parallax_2 = &quot;off&quot; parallax_method_2 = &quot;su&quot; parallax_3 = &quot;off&quot; parallax_method_3 = &quot;su&quot; parallax_4 = &quot;off&quot; parallax_method_4 = &quot;On&quot; module_class_1 = &quot;css_3_columns&quot; disabled = &quot;off&quot;] [et_pb_column type = &quot;4_4&quot;] [et_pb_code admin_label = &quot;CODE - NO EDIT - Rendi Divi fisarmoniche chiuse per impostazione predefinita&quot; disabled = &quot;off&quot;]  [\/ et_pb_code] [et_pb_code admin_label = &quot;CODICE - NESSUN MODIFICO - Rendi le schede del modulo fisarmonica Divi chiudibili&quot; disabilitato = &quot;disattivato&quot;]  [\/ et_pb_code] [\/ et_pb_column] [\/ et_pb_row] [\/ et_pb_section] [et_pb_section admin_label = &quot;section&quot; global_module = &quot;29046&quot; transparent_background = &quot;off&quot; background_color = &quot;# 263238&quot; allow_player_pause = &quot;off&quot; inner_shadow = &quot;off&quot; parallax = &quot;Off&quot; parallax_method = &quot;on&quot; custom_padding = &quot;75px | 0px | 38px | 0px&quot; padding_mobile = &quot;off&quot; make_fullwidth = &quot;off&quot; use_custom_width = &quot;off&quot; width_unit = &quot;off&quot; make_equal = &quot;off&quot; use_custom_gutter = &quot;off&quot; fullwidth = &quot;off&quot; specialty = &quot;off&quot; disabled = &quot;off&quot; background_image = &quot;https:\/\/www.grcycling.com\/wp-content\/uploads\/2017\/01\/need_photos_bigbg-1.jpg&quot; custom_css_main_element = &quot;border-top : 10px solid # FFAB00; &quot;] [et_pb_row global_parent =&quot; 29046 &quot;admin_label =&quot; riga &quot;make_fullwidth =&quot; off &quot;use_custom_width =&quot; off &quot;width_unit =&quot; off &quot;custom_width_px =&quot; 1080px &quot;custom_width_percent =&quot; 80% &quot;use_custom_gutter =&quot; off &quot;Gutter_width =&quot; 3 &quot;custom_padding =&quot; 0px | 0px | 27px | 0px &quot;padding_mobile =&quot; off &quot;allow_ player_pause = &quot;off&quot; parallax = &quot;off&quot; parallax_method = &quot;on&quot; make_equal = &quot;off&quot; column_padding_mobile = &quot;on&quot; parallax_1 = &quot;off&quot; parallax_method_1 = &quot;su&quot; parallax_2 = &quot;off&quot; parallax_method_2 = &quot;su&quot; parallax_3 = &quot;off&quot; parallax_method_3 = &quot;on&quot; parallax_4 = &quot;off&quot; parallax_method_4 = &quot;on&quot; disabled = &quot;off&quot;] [et_pb_column type = &quot;4_4&quot;] [et_pb_cta global_parent = &quot;29046&quot; admin_label = &quot;Chiamata all&#39;azione&quot; button_url = &quot;\/ tours \/&quot; url_new_window = &quot;off&quot; button_text = &quot;Esplora tour disponibili&quot; use_background_color = &quot;off&quot; background_color = &quot;# 7ebec5&quot; background_layout = &quot;scuro&quot; text_orientation = &quot;center&quot; body_font_size = &quot;41px&quot; body_line_height = &quot;2em&quot; use_border_color = &quot;off&quot; border_color = &quot;#Ffffff&quot; border_style = &quot;solido&quot; custom_button = &quot;on&quot; button_use_icon = &quot;on&quot; button_icon_placement = &quot;right&quot; button_on_hover = &quot;on&quot; button_letter_spacing_hover = &quot;0&quot; disabled = &quot;off&quot; button_letter_spacing = &quot;0&quot; header_text_color = &quot;# eaeaea&quot; bo dy_text_color = &quot;# f4f4f4&quot; button_text_color = &quot;# e2ad00&quot; button_bg_color = &quot;rgba (0,0,0,0)&quot; button_border_color = &quot;# e2ad00&quot; button_text_color_hover = &quot;# 000000&quot; button_bg_color_hover = &quot;# e2ad00&quot; button_border_color_hover = &quot;# e2ad00&quot; ] Non guardare oltre. Prenota il tuo tour ora! [\/ Et_pb_cta] [\/ et_pb_column] [\/ et_pb_row] [\/ et_pb_section]<\/p>","protected":false},"excerpt":{"rendered":"<p>[et_pb_section admin_label=&#8221;Section&#8221; transparent_background=&#8221;off&#8221; allow_player_pause=&#8221;off&#8221; inner_shadow=&#8221;off&#8221; parallax=&#8221;off&#8221; parallax_method=&#8221;on&#8221; padding_mobile=&#8221;off&#8221; make_fullwidth=&#8221;off&#8221; use_custom_width=&#8221;off&#8221; width_unit=&#8221;off&#8221; custom_width_px=&#8221;1080px&#8221; custom_width_percent=&#8221;80%&#8221; make_equal=&#8221;off&#8221; use_custom_gutter=&#8221;off&#8221; fullwidth=&#8221;on&#8221; specialty=&#8221;off&#8221; disabled=&#8221;off&#8221;][et_pb_fullwidth_header admin_label=&#8221;Fullwidth Header&#8221; [&hellip;]<\/p>","protected":false},"author":2,"featured_media":31728,"parent":0,"menu_order":4,"comment_status":"closed","ping_status":"closed","template":"","meta":[],"acf":[],"_links":{"self":[{"href":"https:\/\/www.grcycling.com\/it\/wp-json\/wp\/v2\/pages\/28588"}],"collection":[{"href":"https:\/\/www.grcycling.com\/it\/wp-json\/wp\/v2\/pages"}],"about":[{"href":"https:\/\/www.grcycling.com\/it\/wp-json\/wp\/v2\/types\/page"}],"author":[{"embeddable":true,"href":"https:\/\/www.grcycling.com\/it\/wp-json\/wp\/v2\/users\/2"}],"replies":[{"embeddable":true,"href":"https:\/\/www.grcycling.com\/it\/wp-json\/wp\/v2\/comments?post=28588"}],"version-history":[{"count":0,"href":"https:\/\/www.grcycling.com\/it\/wp-json\/wp\/v2\/pages\/28588\/revisions"}],"wp:featuredmedia":[{"embeddable":true,"href":"https:\/\/www.grcycling.com\/it\/wp-json\/wp\/v2\/media\/31728"}],"wp:attachment":[{"href":"https:\/\/www.grcycling.com\/it\/wp-json\/wp\/v2\/media?parent=28588"}],"curies":[{"name":"wp","href":"https:\/\/api.w.org\/{rel}","templated":true}]}}