{"id":32048,"date":"2017-06-26T15:40:53","date_gmt":"2017-06-26T12:40:53","guid":{"rendered":"https:\/\/www.grcycling.com\/?page_id=32048"},"modified":"2018-09-28T23:44:52","modified_gmt":"2018-09-28T20:44:52","slug":"rent-a-bike","status":"publish","type":"page","link":"https:\/\/www.grcycling.com\/it\/rent-a-bike\/","title":{"rendered":"Noleggio biciclette - Noleggia una bicicletta in Grecia"},"content":{"rendered":"<p>[et_pb_section bb_built = &quot;1&quot; admin_label = &quot;Sezione&quot; fullwidth = &quot;on&quot; specialty = &quot;off&quot; transparent_background = &quot;off&quot; background_image = &quot;https:\/\/www.grcycling.com\/wp-content\/uploads\/2017\/05\/ DSC_0065-1.jpg &quot;allow_player_pause =&quot; off &quot;inner_shadow =&quot; off &quot;parallax =&quot; off &quot;parallax_method =&quot; on &quot;make_fullwidth =&quot; off &quot;use_custom_width =&quot; off &quot;width_unit =&quot; on &quot;make_equal =&quot; off &quot;use_custom_gutter =&quot; off &quot;] [Et_pb_fullwidth_header admin_label =&quot; Fullwidth Header &quot;title =&quot; Noleggio biciclette &quot;subhead =&quot; Il miglior servizio rent-a-bike ad Atene e Kalamata (nuovo) &quot;text_orientation =&quot; center &quot;header_fullscreen =&quot; on &quot;header_scroll_down =&quot; off &quot; image_orientation = &quot;center&quot; background_layout = &quot;light&quot; content_orientation = &quot;center&quot; custom_button_two = &quot;off&quot; button_two_letter_spacing = &quot;0&quot; button_two_icon_placement = &quot;right&quot; button_two_letter_spacing_hover = &quot;0&quot; custom_button_one = &quot;off&quot; button_one_letter_spacing = &quot;0&quot; button_one_icon_place ment = &quot;right&quot; button_one_letter_spacing_hover = &quot;0&quot; subhead_font_color = &quot;# ffffff&quot; _builder_version = &quot;3.0.51&quot; \/] [\/ et_pb_section] [et_pb_section bb_built = &quot;1&quot; admin_label = &quot;Sezione&quot; fullwidth = &quot;off&quot; specialit\u00e0 = &quot;off &quot;Transparent_background =&quot; off &quot;allow_player_pause =&quot; off &quot;inner_shadow =&quot; off &quot;parallax =&quot; off &quot;parallax_method =&quot; on &quot;make_fullwidth =&quot; off &quot;use_custom_width =&quot; off &quot;width_unit =&quot; su &quot;make_equal =&quot; off &quot;use_custom_gutter =&quot; off &quot;Custom_padding =&quot; 0px | 0px | 0px | 0px &quot;background_color =&quot; # 222222 &quot;module_id =&quot; ourbikes &quot;] [et_pb_row admin_label =&quot; Riga &quot;background_position =&quot; top_left &quot;background_repeat =&quot; repeat &quot;background_size =&quot; initial &quot;] [et_pb_column type = &quot;4_4&quot;] [et_pb_text admin_label = &quot;Testo&quot; background_layout = &quot;leggero&quot; text_orientation = &quot;left&quot; header_text_color = &quot;# ffd740&quot; use_border_color = &quot;off&quot; border_color = &quot;# ffffff&quot; border_style = &quot;solido&quot; background_position = &quot;top_left&quot; background_repeat =\u201drep eat &quot;background_size =&quot; initial &quot;]<\/p>\n<h1 style=\"text-align: center;\">Le nostre bici<\/h1>\n<p style=\"text-align: center;\">trova quello che fa per te<\/p>\n<p>[\/ et_pb_text] [\/ et_pb_column] [\/ et_pb_row] [et_pb_row admin_label = &quot;Row&quot; allow_player_pause = &quot;off&quot; parallax = &quot;off&quot; parallax_method = &quot;on&quot; parallax_1 = &quot;off&quot; parallax_method_1 = &quot;off&quot; make_fullwidth = &quot;on&quot; use_custom_width = &quot;Off&quot; width_unit = &quot;on&quot; use_custom_gutter = &quot;on&quot; gutter_width = &quot;1&quot; make_equal = &quot;off&quot; custom_padding = &quot;0px | 0px | 0px | 50px&quot; padding_top_1 = &quot;0px&quot; padding_right_1 = &quot;0px&quot; padding_bottom_1 = &quot;0px&quot; padding_left_1 = &quot;0px&quot; custom_padding_tablet = &quot;0px | 0px | 0px | 0px&quot; custom_padding_last_edited = &quot;su | phone&quot; background_position = &quot;top_left&quot; background_repeat = &quot;repeat&quot; background_size = &quot;initial&quot;] [et_pb_column type = &quot;4_4&quot;] [et_pb_text admin_label = &quot;Testo&quot; background_layout = &quot;scuro&quot; text_orientation = &quot;centro&quot; use_border_color = &quot;off&quot; border_color = &quot;# ffffff&quot; border_style = &quot;solido&quot; background_position = &quot;top_left&quot; background_repeat = &quot;repeat&quot; background_size = &quot;initial&quot;] [searchandfilter id = &quot;32067&quot; show = &quot;resu lts &quot;] [\/ et_pb_text] [\/ et_pb_column] [\/ et_pb_row] [\/ et_pb_section] [et_pb_section bb_built =&quot; 1 &quot;admin_label =&quot; Contatti noleggio bici &quot;fullwidth =&quot; off &quot;specialty =&quot; off &quot;inner_shadow =&quot; on &quot;parallax = &quot;On&quot; module_id = &quot;bike_rental_contacts&quot; background_color = &quot;# 263238&quot; custom_css_main_element = &quot;border-top: 10px solid # FFD740;&quot; background_image = &quot;https:\/\/www.grcycling.com\/wp-content\/uploads\/2017\/01\/ need_photos_bigbg-1.jpg &quot;_builder_version =&quot; 3.0.51 &quot;] [et_pb_row admin_label =&quot; Riga &quot;background_position =&quot; top_left &quot;background_repeat =&quot; repeat &quot;background_size =&quot; initial &quot;] [et_pb_column type =&quot; 1_2 &quot;] [et_pb_text admin_label =&quot; Testo &quot;background_layout =&quot; light &quot;text_orientation =&quot; left &quot;border_style =&quot; solid &quot;header_text_color =&quot; # ffd740 &quot;background_position =&quot; top_left &quot;background_repeat =&quot; repeat &quot;background_size =&quot; initial &quot;_builder_version =&quot; 3.0.51 &quot;saved_tabs =&quot; all &quot; ]<\/p>\n<h1 style=\"text-align: center;\">Noleggia una bicicletta ad Atene<\/h1>\n<ul>\n<li style=\"text-align: left;\">\n<h4>Stai cercando di fare un giro turistico nella citt\u00e0 di Atene?<\/h4>\n<\/li>\n<li style=\"text-align: left;\">\n<h4>Andare a una spedizione in bicicletta in Grecia?<\/h4>\n<\/li>\n<li style=\"text-align: left;\">\n<h4>Pianifica la tua corsa mattutina o pomeridiana?<\/h4>\n<\/li>\n<li style=\"text-align: left;\">\n<h4>Cerchi una sessione di allenamento?<\/h4>\n<\/li>\n<li style=\"text-align: left;\">\n<h4>Partecipare a un evento o una gara?<\/h4>\n<\/li>\n<\/ul>\n<h1 style=\"text-align: center;\">Assumi gli ibridi Premium per le biciclette Carbon Road di fascia alta<\/h1>\n<p style=\"text-align: center;\">Siamo appassionati di ciclismo, qualcosa che ci rende davvero entusiasti di supportarti in qualsiasi tipo di attivit\u00e0 ciclistica che stai pianificando ad Atene o nella pi\u00f9 grande regione della Grecia. La nostra flotta di biciclette premium pu\u00f2 aiutarti a trovare tutto ci\u00f2 di cui hai bisogno in termini di noleggio di una bicicletta. Sentiti libero di contattarci e i nostri agenti di ciclismo risponderanno in pochissimo tempo.<\/p>\n<h5 style=\"text-align: center;\">Noleggia la tua bici adesso!<\/h5>\n<p>[\/ et_pb_text] [et_pb_text admin_label = &quot;Testo&quot; background_layout = &quot;leggero&quot; text_orientation = &quot;left&quot; border_style = &quot;solido&quot; header_text_color = &quot;# ffd740&quot; background_position = &quot;top_left&quot; background_repeat = &quot;repeat&quot; background_size = &quot;initial&quot; _builder_version = &quot; 3.0.51 &quot;saved_tabs =&quot; all &quot;]<\/p>\n<h1 style=\"text-align: center;\">Stai cercando una bicicletta a Kalamata?<\/h1>\n<p>Il nostro servizio di consegna e raccolta \u00e8 aumentato, offrendoti la possibilit\u00e0 di consegnare la tua bici a noleggio a Kalamata. I dintorni della citt\u00e0 offrono un&#39;esperienza ciclistica straordinaria. Siamo qui per renderlo ancora migliore! Chiedici maggiori dettagli<\/p>\n<p>[\/ et_pb_text] [et_pb_text admin_label = &quot;Testo&quot; background_layout = &quot;leggero&quot; text_orientation = &quot;left&quot; use_border_color = &quot;off&quot; border_color = &quot;# ffffff&quot; border_style = &quot;solido&quot; header_text_color = &quot;# ffd740&quot; background_position = &quot;top_left&quot; background_repeat = &quot;Repeat&quot; background_size = &quot;initial&quot;]<\/p>\n<h1 style=\"text-align: center;\">\u00a0Incluso<\/h1>\n<p style=\"text-align: center;\">Pedali, piccola pompa, kit di attrezzi, tubo di scorta,<br \/>\nSerratura, casco, luci<\/p>\n<h1 style=\"text-align: center;\">Consegna gratuita \/ ritiro *<\/h1>\n<p style=\"text-align: center;\">Possiamo consegnare la tua bicicletta a noleggio e ritirarla dal tuo hotel o dal tuo luogo di residenza (minimo due giorni). Clicca sul nostro<a href=\"https:\/\/www.grcycling.com\/it\/rent-a-bike\/bicycle-rental-delivery-n-collect-service\/\">\u00a0carta geografica<\/a>\u00a0per ulteriori dettagli.<br \/>\n(* Solo citt\u00e0 di Atene)<\/p>\n<p>[\/ et_pb_text] [et_pb_text admin_label = &quot;Testo&quot; background_layout = &quot;leggero&quot; text_orientation = &quot;left&quot; header_text_color = &quot;# ffd740&quot; use_border_color = &quot;off&quot; border_color = &quot;# ffffff&quot; border_style = &quot;solido&quot; background_position = &quot;top_left&quot; background_repeat = &quot;Repeat&quot; background_size = &quot;initial&quot;]<\/p>\n<h1 style=\"text-align: center;\">Servizio esclusivo<\/h1>\n<p style=\"text-align: center;\">Possiamo avere una qualsiasi delle nostre biciclette completamente equipaggiate e regolate correttamente in base alle vostre esigenze. Inoltre, siamo in grado di consegnare e ritirare le bici da noleggiare da qualsiasi luogo in Grecia. Garantiamo al 100% il tuo programma e le tue esigenze - dalla configurazione della bici ideale e in base a specifiche specifiche fino a fornire abbigliamento e abbigliamento per il ciclismo.<\/p>\n<p>[\/ et_pb_text] [\/ et_pb_column] [et_pb_column type = &quot;1_2&quot;] [et_pb_blurb admin_label = &quot;Email&quot; title = &quot;Inviaci un&#39;email&quot; url = &quot;mailto: info@grcycling.com&quot; url_new_window = &quot;on&quot; use_icon = &quot; on &quot;font_icon =&quot; %% 109 %% &quot;icon_color =&quot; # ffd740 &quot;use_circle =&quot; off &quot;circle_color =&quot; # ffd740 &quot;use_circle_border =&quot; off &quot;circle_border_color =&quot; # ffd740 &quot;icon_placement =&quot; left &quot;animation =&quot; top &quot;background_layout = &quot;Scuro&quot; text_orientation = &quot;left&quot; use_icon_font_size = &quot;off&quot; use_border_color = &quot;off&quot; border_color = &quot;# ffffff&quot; border_style = &quot;solido&quot; background_position = &quot;top_left&quot; background_repeat = &quot;repeat&quot; background_size = &quot;initial&quot;]<\/p>\n<p>Indicare la bici desiderata, le date e qualsiasi altra informazione e ti contatteremo nel prossimo paio d&#39;ore.<\/p>\n<p>[\/ et_pb_blurb] [et_pb_blurb admin_label = &quot;Telefono&quot; title = &quot;Chiamaci @ +30 2108675623&quot; url_new_window = &quot;su&quot; use_icon = &quot;su&quot; font_icon = &quot;%% 86 %%&quot; icon_color = &quot;# ffd740&quot; use_circle = &quot;off &quot;Circle_color =&quot; # ffd740 &quot;use_circle_border =&quot; off &quot;circle_border_color =&quot; # ffd740 &quot;icon_placement =&quot; left &quot;animation =&quot; top &quot;background_layout =&quot; dark &quot;text_orientation =&quot; left &quot;use_icon_font_size =&quot; off &quot;use_border_color =&quot; off &quot;border_color = &quot;#Ffffff&quot; border_style = &quot;solido&quot; header_text_color = &quot;# ffd740&quot; background_position = &quot;top_left&quot; background_repeat = &quot;repeat&quot; background_size = &quot;initial&quot;]<\/p>\n<p>E scopriremo tutto insieme!<\/p>\n<p>[\/ et_pb_blurb] [et_pb_blurb admin_label = &quot;Form&quot; title = &quot;Compila il modulo sottostante&quot; url_new_window = &quot;su&quot; use_icon = &quot;su&quot; font_icon = &quot;%% 73 %%&quot; use_circle = &quot;off&quot; use_circle_border = &quot;off&quot; icon_placement = &quot;Left&quot; animation = &quot;top&quot; background_layout = &quot;dark&quot; use_icon_font_size = &quot;off&quot; border_style = &quot;solido&quot; header_text_color = &quot;# ffd740&quot; background_position = &quot;top_left&quot; background_repeat = &quot;repeat&quot; background_size = &quot;initial&quot; _builder_version = &quot;3.0. 51 &quot;]<\/p>\n<p>e descrivi ci\u00f2 di cui hai bisogno.<\/p>\n<p>[\/ et_pb_blurb] [et_pb_text admin_label = &quot;Modulo di richiesta&quot; background_layout = &quot;scuro&quot; text_orientation = &quot;left&quot; use_border_color = &quot;off&quot; border_color = &quot;# ffffff&quot; border_style = &quot;solido&quot; background_position = &quot;top_left&quot; background_repeat = &quot;repeat&quot; background_size = &quot;Initial&quot;] [contact-form-7 id = &quot;32050&quot;] [\/ et_pb_text] [\/ et_pb_column] [\/ et_pb_row] [\/ et_pb_section]<\/p>","protected":false},"excerpt":{"rendered":"<p>[et_pb_section bb_built=&#8221;1&#8243; admin_label=&#8221;Section&#8221; fullwidth=&#8221;on&#8221; specialty=&#8221;off&#8221; transparent_background=&#8221;off&#8221; background_image=&#8221;https:\/\/www.grcycling.com\/wp-content\/uploads\/2017\/05\/DSC_0065-1.jpg&#8221; allow_player_pause=&#8221;off&#8221; inner_shadow=&#8221;off&#8221; parallax=&#8221;off&#8221; parallax_method=&#8221;on&#8221; make_fullwidth=&#8221;off&#8221; use_custom_width=&#8221;off&#8221; width_unit=&#8221;on&#8221; make_equal=&#8221;off&#8221; use_custom_gutter=&#8221;off&#8221;][et_pb_fullwidth_header admin_label=&#8221;Fullwidth Header&#8221; title=&#8221;Bicycle Rentals&#8221; [&hellip;]<\/p>","protected":false},"author":2,"featured_media":32111,"parent":0,"menu_order":0,"comment_status":"closed","ping_status":"closed","template":"","meta":[],"acf":[],"_links":{"self":[{"href":"https:\/\/www.grcycling.com\/it\/wp-json\/wp\/v2\/pages\/32048"}],"collection":[{"href":"https:\/\/www.grcycling.com\/it\/wp-json\/wp\/v2\/pages"}],"about":[{"href":"https:\/\/www.grcycling.com\/it\/wp-json\/wp\/v2\/types\/page"}],"author":[{"embeddable":true,"href":"https:\/\/www.grcycling.com\/it\/wp-json\/wp\/v2\/users\/2"}],"replies":[{"embeddable":true,"href":"https:\/\/www.grcycling.com\/it\/wp-json\/wp\/v2\/comments?post=32048"}],"version-history":[{"count":0,"href":"https:\/\/www.grcycling.com\/it\/wp-json\/wp\/v2\/pages\/32048\/revisions"}],"wp:featuredmedia":[{"embeddable":true,"href":"https:\/\/www.grcycling.com\/it\/wp-json\/wp\/v2\/media\/32111"}],"wp:attachment":[{"href":"https:\/\/www.grcycling.com\/it\/wp-json\/wp\/v2\/media?parent=32048"}],"curies":[{"name":"wp","href":"https:\/\/api.w.org\/{rel}","templated":true}]}}